{"id":2,"date":"2016-05-10T03:48:21","date_gmt":"2016-05-10T03:48:21","guid":{"rendered":"http:\/\/lippok-hydraulik.de\/?page_id=2"},"modified":"2019-01-02T18:30:25","modified_gmt":"2019-01-02T18:30:25","slug":"sample-page","status":"publish","type":"page","link":"https:\/\/lippok-hydraulik.de\/","title":{"rendered":""},"content":{"rendered":"<h1 style=\"text-align: center;\">Willkommen bei Lippok Hydraulik<\/h1>\n<p style=\"text-align: center;\">Die heutige Lippok Hydraulik GmbH wurde 1995 als kleines Familienunternehmen gegr\u00fcndet. Seitdem hat sich der Hagener Hydraulik-Spezialist stets weiterentwickelt und sein Aufgabenfeld immer mehr ausgebaut. Hier die gesamte Lippok-Leistungspalette im \u00dcberblick:<\/p>\n<h2 style=\"text-align: center;\">Hydraulikanlagen &#8211; Hydraulikkomponenten &#8211; Hydraulikmontage &#8211; Hydraulikzylinder<\/h2>\n<p style=\"text-align: center;\">\u2022 Hydraulikaggregate<\/p>\n<p style=\"text-align: center;\">\u2022 Schmier\u00f6lanlagen<\/p>\n<p style=\"text-align: center;\">\u2022 Projektierung<\/p>\n<p style=\"text-align: center;\">\u2022 Konstruktion<\/p>\n<p style=\"text-align: center;\">\u2022 Hydraulikpumpen<\/p>\n<p style=\"text-align: center;\">\u2022 Konstantpumpen<\/p>\n<p style=\"text-align: center;\">\u2022 Regelpumpen<\/p>\n<p style=\"text-align: center;\">\u2022 Ventile<\/p>\n<p style=\"text-align: center;\">\u2022 Teleskopzylinder<\/p>\n<p style=\"text-align: center;\">\u2022 Normzylinder<\/p>\n<p style=\"text-align: center;\">\u2022 Sonderzylinder<\/p>\n<p style=\"text-align: center;\">\u2022 Zylinderreparaturen<\/p>\n<p style=\"text-align: center;\">\u2022 Komplettmontage<\/p>\n<p style=\"text-align: center;\">\u2022 Verrohrung im In- und Ausland<\/p>\n<p style=\"text-align: center;\">\u2022 Wartung und Vor-Ort-Service<\/p>\n<p style=\"text-align: center;\">\u2022 Reparatur<\/p>\n<p style=\"text-align: center;\">Basis f\u00fcr die erfolgreiche Konstruktion und Fertigung von kompletten Hydraulikanlagen und -Komponenten in der eigenen Montageabteilung ist die kontinuierlich gewachsene Erfahrung im Hydraulikbereich seit Anfang der 70-er Jahre. Dabei stehen f\u00fcr die Lippok Hydraulik GmbH h\u00f6chste Qualit\u00e4tsanspr\u00fcche gleicherma\u00dfen im Vordergrund wie die kompetente Projektberatung und die individuelle Kundenbetreuung.<\/p>\n","protected":false},"excerpt":{"rendered":"<p>Willkommen bei Lippok Hydraulik Die heutige Lippok Hydraulik GmbH wurde 1995 als kleines Familienunternehmen gegr\u00fcndet. Seitdem hat sich der Hagener Hydraulik-Spezialist stets weiterentwickelt und sein Aufgabenfeld immer mehr ausgebaut. Hier die gesamte Lippok-Leistungspalette im \u00dcberblick: Hydraulikanlagen &#8211; Hydraulikkomponenten &#8211; Hydraulikmontage &#8211; Hydraulikzylinder \u2022 Hydraulikaggregate \u2022 Schmier\u00f6lanlagen \u2022 Projektierung \u2022 Konstruktion \u2022 Hydraulikpumpen \u2022 Konstantpumpen \u2022 [&hellip;]<\/p>\n","protected":false},"author":1,"featured_media":0,"parent":0,"menu_order":0,"comment_status":"closed","ping_status":"open","template":"template-fullwidth.php","meta":{"footnotes":""},"_links":{"self":[{"href":"https:\/\/lippok-hydraulik.de\/index.php?rest_route=\/wp\/v2\/pages\/2"}],"collection":[{"href":"https:\/\/lippok-hydraulik.de\/index.php?rest_route=\/wp\/v2\/pages"}],"about":[{"href":"https:\/\/lippok-hydraulik.de\/index.php?rest_route=\/wp\/v2\/types\/page"}],"author":[{"embeddable":true,"href":"https:\/\/lippok-hydraulik.de\/index.php?rest_route=\/wp\/v2\/users\/1"}],"replies":[{"embeddable":true,"href":"https:\/\/lippok-hydraulik.de\/index.php?rest_route=%2Fwp%2Fv2%2Fcomments&post=2"}],"version-history":[{"count":8,"href":"https:\/\/lippok-hydraulik.de\/index.php?rest_route=\/wp\/v2\/pages\/2\/revisions"}],"predecessor-version":[{"id":258,"href":"https:\/\/lippok-hydraulik.de\/index.php?rest_route=\/wp\/v2\/pages\/2\/revisions\/258"}],"wp:attachment":[{"href":"https:\/\/lippok-hydraulik.de\/index.php?rest_route=%2Fwp%2Fv2%2Fmedia&parent=2"}],"curies":[{"name":"wp","href":"https:\/\/api.w.org\/{rel}","templated":true}]}}